{"id":2592,"date":"2022-01-20T16:39:51","date_gmt":"2022-01-20T15:39:51","guid":{"rendered":"https:\/\/szentjanosbal.hu\/?page_id=2592"},"modified":"2025-09-17T13:50:25","modified_gmt":"2025-09-17T11:50:25","slug":"tickets","status":"publish","type":"page","link":"https:\/\/maltakoncert.hu\/en\/tickets\/","title":{"rendered":"Tickets"},"content":{"rendered":"<p>[et_pb_section fb_built=&#8221;1&#8243; admin_label=&#8221;section&#8221; _builder_version=&#8221;4.27.4&#8243; custom_margin=&#8221;0px||0px||false|false&#8221; custom_padding=&#8221;0px||0px||false|false&#8221; da_disable_devices=&#8221;off|off|off&#8221; global_colors_info=&#8221;{}&#8221; da_is_popup=&#8221;off&#8221; da_exit_intent=&#8221;off&#8221; da_has_close=&#8221;on&#8221; da_alt_close=&#8221;off&#8221; da_dark_close=&#8221;off&#8221; da_not_modal=&#8221;on&#8221; da_is_singular=&#8221;off&#8221; da_with_loader=&#8221;off&#8221; da_has_shadow=&#8221;on&#8221;][et_pb_row admin_label=&#8221;row&#8221; _builder_version=&#8221;4.27.4&#8243; background_size=&#8221;initial&#8221; background_position=&#8221;top_left&#8221; background_repeat=&#8221;repeat&#8221; custom_margin=&#8221;0px||0px||false|false&#8221; custom_padding=&#8221;0px||0px||false|false&#8221; global_colors_info=&#8221;{}&#8221;][et_pb_column type=&#8221;4_4&#8243; _builder_version=&#8221;4.16&#8243; custom_padding=&#8221;|||&#8221; global_colors_info=&#8221;{}&#8221; custom_padding__hover=&#8221;|||&#8221;][et_pb_text admin_label=&#8221;Text&#8221; _builder_version=&#8221;4.27.4&#8243; background_size=&#8221;initial&#8221; background_position=&#8221;top_left&#8221; background_repeat=&#8221;repeat&#8221; hover_enabled=&#8221;0&#8243; global_colors_info=&#8221;{}&#8221; disabled_on=&#8221;on|on|off&#8221; sticky_enabled=&#8221;0&#8243;]<\/p>\n<h3 style=\"text-align: center;\">Circle of Patrons<\/h3>\n<p style=\"text-align: center;\">To encourage the generosity of private individuals, we have established the Circle of Patrons. Through their donations to the Maltese Symphony Scholarship Program run by the Hungarian Charity Service of the Order of Malta, Patron Circle members support the continuing musical education of disadvantaged children from Emerging Settlements.<\/p>\n<p>[\/et_pb_text][et_pb_text admin_label=&#8221;Text&#8221; _builder_version=&#8221;4.27.4&#8243; background_size=&#8221;initial&#8221; background_position=&#8221;top_left&#8221; background_repeat=&#8221;repeat&#8221; global_colors_info=&#8221;{}&#8221;]<\/p>\n\n\t<div class=\"szentjanosbal-tickets\">\n\t\t\t\t<div class=\"szentjanosbal-tickets-container\">\n\t\t\t\n<div class=\"szentjanosbal-block \" data-slug=\"supporting-ticket\">\n\t<div class=\"szentjanosbal-block-main\">\n\t\t<a class=\"szentjanosbal-block-thumbnail\" href=\"https:\/\/maltakoncert.hu\/en\/ticket\/supporting-ticket\/\"><img loading=\"lazy\" decoding=\"async\" width=\"300\" height=\"300\" src=\"https:\/\/maltakoncert.hu\/wp-content\/uploads\/2025\/07\/JotekonysagiKoncert_invitation_250930_SJ_EN_BANNER_TRANSPARENT-300x300.png\" class=\"attachment-medium size-medium wp-post-image\" alt=\"\" srcset=\"https:\/\/maltakoncert.hu\/wp-content\/uploads\/2025\/07\/JotekonysagiKoncert_invitation_250930_SJ_EN_BANNER_TRANSPARENT-300x300.png 300w, https:\/\/maltakoncert.hu\/wp-content\/uploads\/2025\/07\/JotekonysagiKoncert_invitation_250930_SJ_EN_BANNER_TRANSPARENT-150x150.png 150w, https:\/\/maltakoncert.hu\/wp-content\/uploads\/2025\/07\/JotekonysagiKoncert_invitation_250930_SJ_EN_BANNER_TRANSPARENT-768x768.png 768w, https:\/\/maltakoncert.hu\/wp-content\/uploads\/2025\/07\/JotekonysagiKoncert_invitation_250930_SJ_EN_BANNER_TRANSPARENT-400x400.png 400w, https:\/\/maltakoncert.hu\/wp-content\/uploads\/2025\/07\/JotekonysagiKoncert_invitation_250930_SJ_EN_BANNER_TRANSPARENT-600x600.png 600w, https:\/\/maltakoncert.hu\/wp-content\/uploads\/2025\/07\/JotekonysagiKoncert_invitation_250930_SJ_EN_BANNER_TRANSPARENT-100x100.png 100w, https:\/\/maltakoncert.hu\/wp-content\/uploads\/2025\/07\/JotekonysagiKoncert_invitation_250930_SJ_EN_BANNER_TRANSPARENT.png 1000w\" sizes=\"(max-width: 300px) 100vw, 300px\" \/><\/a>\n\t\t<div class=\"szentjanosbal-block-meta\">\n\t\t\t<p class=\"szentjanosbal-block-title\">Supporting Ticket<\/p>\n\t\t\t<p class=\"szentjanosbal-block-price\"><span class=\"woocommerce-Price-amount amount\"><bdi>15 000&nbsp;<span class=\"woocommerce-Price-currencySymbol\">&#70;&#116;<\/span><\/bdi><\/span><\/p>\n\t\t<\/div>\n\t\t<a class=\"szentjanosbal-block-cta\" href=\"https:\/\/maltakoncert.hu\/en\/ticket\/supporting-ticket\/\">\n\t\t\tProceed\t\t<\/a>\n\t<\/div>\n\t<!--<div class=\"szentjanosbal-block-description\">\n\t\t\t<\/div>-->\n<\/div>\n<div class=\"szentjanosbal-block selected\" data-slug=\"patron-ticket\">\n\t<div class=\"szentjanosbal-block-main\">\n\t\t<a class=\"szentjanosbal-block-thumbnail\" href=\"https:\/\/maltakoncert.hu\/en\/ticket\/patron-ticket\/\"><img loading=\"lazy\" decoding=\"async\" width=\"300\" height=\"300\" src=\"https:\/\/maltakoncert.hu\/wp-content\/uploads\/2025\/07\/JotekonysagiKoncert_invitation_250930_SJ_EN_BANNER_TRANSPARENT-300x300.png\" class=\"attachment-medium size-medium wp-post-image\" alt=\"\" srcset=\"https:\/\/maltakoncert.hu\/wp-content\/uploads\/2025\/07\/JotekonysagiKoncert_invitation_250930_SJ_EN_BANNER_TRANSPARENT-300x300.png 300w, https:\/\/maltakoncert.hu\/wp-content\/uploads\/2025\/07\/JotekonysagiKoncert_invitation_250930_SJ_EN_BANNER_TRANSPARENT-150x150.png 150w, https:\/\/maltakoncert.hu\/wp-content\/uploads\/2025\/07\/JotekonysagiKoncert_invitation_250930_SJ_EN_BANNER_TRANSPARENT-768x768.png 768w, https:\/\/maltakoncert.hu\/wp-content\/uploads\/2025\/07\/JotekonysagiKoncert_invitation_250930_SJ_EN_BANNER_TRANSPARENT-400x400.png 400w, https:\/\/maltakoncert.hu\/wp-content\/uploads\/2025\/07\/JotekonysagiKoncert_invitation_250930_SJ_EN_BANNER_TRANSPARENT-600x600.png 600w, https:\/\/maltakoncert.hu\/wp-content\/uploads\/2025\/07\/JotekonysagiKoncert_invitation_250930_SJ_EN_BANNER_TRANSPARENT-100x100.png 100w, https:\/\/maltakoncert.hu\/wp-content\/uploads\/2025\/07\/JotekonysagiKoncert_invitation_250930_SJ_EN_BANNER_TRANSPARENT.png 1000w\" sizes=\"(max-width: 300px) 100vw, 300px\" \/><\/a>\n\t\t<div class=\"szentjanosbal-block-meta\">\n\t\t\t<p class=\"szentjanosbal-block-title\">Patron Ticket<\/p>\n\t\t\t<p class=\"szentjanosbal-block-price\"><span class=\"woocommerce-Price-amount amount\"><bdi>50 000&nbsp;<span class=\"woocommerce-Price-currencySymbol\">&#70;&#116;<\/span><\/bdi><\/span><\/p>\n\t\t<\/div>\n\t\t<a class=\"szentjanosbal-block-cta\" href=\"https:\/\/maltakoncert.hu\/en\/ticket\/patron-ticket\/\">\n\t\t\tProceed\t\t<\/a>\n\t<\/div>\n\t<!--<div class=\"szentjanosbal-block-description\">\n\t\t\t<\/div>-->\n<\/div>\t\t<\/div>\n\t<\/div>\n\n\n\t\n<h3 style=\"text-align: center;\"><strong>Ticket Purchases <\/strong><\/h3>\n<div style=\"display: flex; gap: 20px; flex-wrap: wrap;\">\n<div style=\"flex: 1; min-width: 250px; padding: 10px;\">\n<h3 style=\"text-align: center;\">Supporter Ticket<\/h3>\n<p style=\"text-align: center;\">By purchasing a Supporter Ticket, you are contributing to the Maltese Symphony Scholarship Program.<u><\/u><u><\/u><\/p>\n<p style=\"text-align: center;\">Tickets are not for specific seats. Seating is on a first-come, first-served basis.<\/p>\n<\/div>\n<div style=\"flex: 1; min-width: 250px; padding: 10px;\">\n<h3 style=\"text-align: center;\">Patron Ticket<\/h3>\n<p style=\"text-align: center;\">After the concert, we warmly invite all Patron Ticket holders to a champagne reception with the performing artists in the Kupola Hall of MOMkult!<u><\/u><u><\/u><\/p>\n<p style=\"text-align: center;\">Tickets are for designated rows in the gallery, with seating on a first-come, first-served basis.<\/p>\n<\/div>\n<\/div>\n<p style=\"text-align: center;\">Only card payments can be made on this website. If you prefer to pay by bank transfer, please send the total in HUF to the bank account of the Hungarian Association of the Order of Malta Foundation:<u><\/u><u><\/u><\/p>\n<p style=\"text-align: center;\">Beneficiary: Magyar M\u00e1ltai Lovagok Alap\u00edtv\u00e1nya<u><\/u><u><\/u><\/p>\n<p style=\"text-align: center;\">Bank: CIB Bank<u><\/u><u><\/u><\/p>\n<p style=\"text-align: center;\">Account number: 10700024-04141408-56100000<u><\/u><u><\/u><\/p>\n<p style=\"text-align: center;\">IBAN: HU26107000240414140856100000<u><\/u><u><\/u><\/p>\n<p style=\"text-align: center;\">Reference: Maltese Charity Concert<u><\/u><u><\/u><\/p>\n<p style=\"text-align: center;\">Please note that the Foundation is a nonprofit organization. Tax receipts for corporate donations are only issued if the payment is made via bank transfer. Please <span style=\"color: #d31e26;\"><a style=\"color: #d31e26;\" href=\"https:\/\/maltakoncert.hu\/en\/contact\/\">contact<\/a><\/span> the Foundation directly if you would like to make such a donation.<\/p>\n<p>[\/et_pb_text][\/et_pb_column][\/et_pb_row][\/et_pb_section]<\/p>\n","protected":false},"excerpt":{"rendered":"<p>Circle of Patrons To encourage the generosity of&#8230;<\/p>\n","protected":false},"author":1,"featured_media":0,"parent":0,"menu_order":0,"comment_status":"closed","ping_status":"closed","template":"","meta":{"_acf_changed":false,"_et_pb_use_builder":"on","_et_pb_old_content":"<h3 style=\"text-align: center;\">Circle of Patrons<\/h3>\r\n<p style=\"text-align: center;\">To encourage the generosity of private individuals, we have established the Circle of Patrons. Through their donations to the Maltese Symphony Scholarship Program run by the Hungarian Charity Service of the Order of Malta, Patron Circle members support the continuing musical education of disadvantaged children from Emerging Settlements.<\/p>\r\n\r\n<h3 style=\"text-align: center;\"><strong>Ticket Purchases <\/strong><\/h3>\r\n<div style=\"display: flex; gap: 20px; flex-wrap: wrap;\">\r\n<div style=\"flex: 1; min-width: 250px; padding: 10px;\">\r\n<h3 style=\"text-align: center;\">Supporter Ticket<\/h3>\r\n<p style=\"text-align: center;\">By purchasing a Supporter Ticket, you are contributing to the Maltese Symphony Scholarship Program.<u><\/u><u><\/u><\/p>\r\n<p style=\"text-align: center;\">Tickets are not for specific seats. Seating is on a first-come, first-served basis.<\/p>\r\n\r\n<\/div>\r\n<div style=\"flex: 1; min-width: 250px; padding: 10px;\">\r\n<h3 style=\"text-align: center;\">Patron Ticket<\/h3>\r\n<p style=\"text-align: center;\">After the concert, we warmly invite all Patron Ticket holders to a champagne reception with the performing artists in the Kupola Hall of MOMkult!<u><\/u><u><\/u><\/p>\r\n<p style=\"text-align: center;\">Tickets are for designated rows in the gallery, with seating on a first-come, first-served basis.<\/p>\r\n\r\n<\/div>\r\n<\/div>\r\n[szentjanosbal_products type=\"tickets\"]\r\n<p style=\"text-align: center;\">Only card payments can be made on this website. If you prefer to pay by bank transfer, please send the total in HUF to the bank account of the Hungarian Association of the Order of Malta Foundation:<u><\/u><u><\/u><\/p>\r\n<p style=\"text-align: center;\">Beneficiary: Magyar M\u00e1ltai Lovagok Alap\u00edtv\u00e1nya<u><\/u><u><\/u><\/p>\r\n<p style=\"text-align: center;\">Bank: CIB Bank<u><\/u><u><\/u><\/p>\r\n<p style=\"text-align: center;\">Account number: 10700024-04141408-56100000<u><\/u><u><\/u><\/p>\r\n<p style=\"text-align: center;\">IBAN: HU26107000240414140856100000<u><\/u><u><\/u><\/p>\r\n<p style=\"text-align: center;\">Reference: Maltese Charity Concert<u><\/u><u><\/u><\/p>\r\n<p style=\"text-align: center;\">Please note that the Foundation is a nonprofit organization. Tax receipts for corporate donations are only issued if the payment is made via bank transfer. Please <span style=\"color: #d31e26;\"><a style=\"color: #d31e26;\" href=\"https:\/\/maltakoncert.hu\/en\/contact\/\">contact<\/a><\/span> the Foundation directly if you would like to make such a donation.<\/p>","_et_gb_content_width":"","footnotes":""},"class_list":["post-2592","page","type-page","status-publish","hentry"],"acf":[],"yoast_head":"<!-- This site is optimized with the Yoast SEO plugin v24.8.1 - https:\/\/yoast.com\/wordpress\/plugins\/seo\/ -->\n<title>Tickets - Maltaball Koncert<\/title>\n<meta name=\"robots\" content=\"index, follow, max-snippet:-1, max-image-preview:large, max-video-preview:-1\" \/>\n<link rel=\"canonical\" href=\"https:\/\/maltakoncert.hu\/en\/tickets\/\" \/>\n<meta property=\"og:locale\" content=\"en_US\" \/>\n<meta property=\"og:type\" content=\"article\" \/>\n<meta property=\"og:title\" content=\"Tickets - Maltaball Koncert\" \/>\n<meta property=\"og:description\" content=\"Circle of Patrons To encourage the generosity of...\" \/>\n<meta property=\"og:url\" content=\"https:\/\/maltakoncert.hu\/en\/tickets\/\" \/>\n<meta property=\"og:site_name\" content=\"Maltaball Koncert\" \/>\n<meta property=\"article:modified_time\" content=\"2025-09-17T11:50:25+00:00\" \/>\n<meta name=\"twitter:card\" content=\"summary_large_image\" \/>\n<meta name=\"twitter:label1\" content=\"Est. reading time\" \/>\n\t<meta name=\"twitter:data1\" content=\"2 minutes\" \/>\n<script type=\"application\/ld+json\" class=\"yoast-schema-graph\">{\"@context\":\"https:\/\/schema.org\",\"@graph\":[{\"@type\":\"WebPage\",\"@id\":\"https:\/\/maltakoncert.hu\/en\/tickets\/\",\"url\":\"https:\/\/maltakoncert.hu\/en\/tickets\/\",\"name\":\"Tickets - Maltaball Koncert\",\"isPartOf\":{\"@id\":\"https:\/\/maltakoncert.hu\/#website\"},\"datePublished\":\"2022-01-20T15:39:51+00:00\",\"dateModified\":\"2025-09-17T11:50:25+00:00\",\"breadcrumb\":{\"@id\":\"https:\/\/maltakoncert.hu\/en\/tickets\/#breadcrumb\"},\"inLanguage\":\"en-US\",\"potentialAction\":[{\"@type\":\"ReadAction\",\"target\":[\"https:\/\/maltakoncert.hu\/en\/tickets\/\"]}]},{\"@type\":\"BreadcrumbList\",\"@id\":\"https:\/\/maltakoncert.hu\/en\/tickets\/#breadcrumb\",\"itemListElement\":[{\"@type\":\"ListItem\",\"position\":1,\"name\":\"Home\",\"item\":\"https:\/\/maltakoncert.hu\/en\/\"},{\"@type\":\"ListItem\",\"position\":2,\"name\":\"Tickets\"}]},{\"@type\":\"WebSite\",\"@id\":\"https:\/\/maltakoncert.hu\/#website\",\"url\":\"https:\/\/maltakoncert.hu\/\",\"name\":\"Maltaball Koncert\",\"description\":\"\",\"potentialAction\":[{\"@type\":\"SearchAction\",\"target\":{\"@type\":\"EntryPoint\",\"urlTemplate\":\"https:\/\/maltakoncert.hu\/?s={search_term_string}\"},\"query-input\":{\"@type\":\"PropertyValueSpecification\",\"valueRequired\":true,\"valueName\":\"search_term_string\"}}],\"inLanguage\":\"en-US\"}]}<\/script>\n<!-- \/ Yoast SEO plugin. -->","yoast_head_json":{"title":"Tickets - Maltaball Koncert","robots":{"index":"index","follow":"follow","max-snippet":"max-snippet:-1","max-image-preview":"max-image-preview:large","max-video-preview":"max-video-preview:-1"},"canonical":"https:\/\/maltakoncert.hu\/en\/tickets\/","og_locale":"en_US","og_type":"article","og_title":"Tickets - Maltaball Koncert","og_description":"Circle of Patrons To encourage the generosity of...","og_url":"https:\/\/maltakoncert.hu\/en\/tickets\/","og_site_name":"Maltaball Koncert","article_modified_time":"2025-09-17T11:50:25+00:00","twitter_card":"summary_large_image","twitter_misc":{"Est. reading time":"2 minutes"},"schema":{"@context":"https:\/\/schema.org","@graph":[{"@type":"WebPage","@id":"https:\/\/maltakoncert.hu\/en\/tickets\/","url":"https:\/\/maltakoncert.hu\/en\/tickets\/","name":"Tickets - Maltaball Koncert","isPartOf":{"@id":"https:\/\/maltakoncert.hu\/#website"},"datePublished":"2022-01-20T15:39:51+00:00","dateModified":"2025-09-17T11:50:25+00:00","breadcrumb":{"@id":"https:\/\/maltakoncert.hu\/en\/tickets\/#breadcrumb"},"inLanguage":"en-US","potentialAction":[{"@type":"ReadAction","target":["https:\/\/maltakoncert.hu\/en\/tickets\/"]}]},{"@type":"BreadcrumbList","@id":"https:\/\/maltakoncert.hu\/en\/tickets\/#breadcrumb","itemListElement":[{"@type":"ListItem","position":1,"name":"Home","item":"https:\/\/maltakoncert.hu\/en\/"},{"@type":"ListItem","position":2,"name":"Tickets"}]},{"@type":"WebSite","@id":"https:\/\/maltakoncert.hu\/#website","url":"https:\/\/maltakoncert.hu\/","name":"Maltaball Koncert","description":"","potentialAction":[{"@type":"SearchAction","target":{"@type":"EntryPoint","urlTemplate":"https:\/\/maltakoncert.hu\/?s={search_term_string}"},"query-input":{"@type":"PropertyValueSpecification","valueRequired":true,"valueName":"search_term_string"}}],"inLanguage":"en-US"}]}},"_links":{"self":[{"href":"https:\/\/maltakoncert.hu\/en\/wp-json\/wp\/v2\/pages\/2592","targetHints":{"allow":["GET"]}}],"collection":[{"href":"https:\/\/maltakoncert.hu\/en\/wp-json\/wp\/v2\/pages"}],"about":[{"href":"https:\/\/maltakoncert.hu\/en\/wp-json\/wp\/v2\/types\/page"}],"author":[{"embeddable":true,"href":"https:\/\/maltakoncert.hu\/en\/wp-json\/wp\/v2\/users\/1"}],"replies":[{"embeddable":true,"href":"https:\/\/maltakoncert.hu\/en\/wp-json\/wp\/v2\/comments?post=2592"}],"version-history":[{"count":7,"href":"https:\/\/maltakoncert.hu\/en\/wp-json\/wp\/v2\/pages\/2592\/revisions"}],"predecessor-version":[{"id":7112,"href":"https:\/\/maltakoncert.hu\/en\/wp-json\/wp\/v2\/pages\/2592\/revisions\/7112"}],"wp:attachment":[{"href":"https:\/\/maltakoncert.hu\/en\/wp-json\/wp\/v2\/media?parent=2592"}],"curies":[{"name":"wp","href":"https:\/\/api.w.org\/{rel}","templated":true}]}}