{"id":2809,"date":"2022-02-22T15:15:42","date_gmt":"2022-02-22T14:15:42","guid":{"rendered":"https:\/\/szentjanosbal.hu\/?page_id=2809"},"modified":"2025-07-23T16:29:39","modified_gmt":"2025-07-23T14:29:39","slug":"individual-donations","status":"publish","type":"page","link":"https:\/\/maltakoncert.hu\/en\/individual-donations\/","title":{"rendered":"Individual Donations"},"content":{"rendered":"<h3 style=\"text-align: center;\">Circle of Patrons<u><\/u><u><\/u><\/h3>\n<p style=\"text-align: center;\">To encourage the generosity of private individuals, we have established the Circle of Patrons. Through their donations to the\u00a0<span style=\"color: #d31e26;\"><a style=\"color: #d31e26;\" href=\"https:\/\/maltakoncert.hu\/en\/maltese-charity-concert\/\">Maltese Symphony Scholarship Program<\/a><\/span> run by the Hungarian Charity Service of the Order of Malta, Patron Circle members support the continuing musical education of disadvantaged children from Emerging Settlements.<u><\/u><u><\/u><\/p>\n<p style=\"text-align: center;\">Patrons are given the opportunity to get to know the children enrolled in the Maltese Symphony Program, and to receive updates about and invitations to the orchestra\u2019s concerts and events.<u><\/u><u><\/u><\/p>\n<p style=\"text-align: center;\">Become a Gold, Silver, or Bronze Patron, or a Supporter with a minimum donation of HUF 100,000.<\/p>\n<p style=\"text-align: center;\">\n\t<div class=\"szentjanosbal-donations\">\n\t\t\t\t<div class=\"szentjanosbal-donations-container\">\n\t\t\t\n<div class=\"szentjanosbal-block \" data-slug=\"supporter\">\n\t<div class=\"szentjanosbal-block-main\">\n\t\t<a class=\"szentjanosbal-block-thumbnail\" href=\"https:\/\/maltakoncert.hu\/en\/ticket\/supporter\/\"><img loading=\"lazy\" decoding=\"async\" width=\"300\" height=\"300\" src=\"https:\/\/maltakoncert.hu\/wp-content\/uploads\/2025\/07\/JotekonysagiKoncert_invitation_250930_SJ_EN_BANNER_TRANSPARENT-300x300.png\" class=\"attachment-medium size-medium wp-post-image\" alt=\"\" srcset=\"https:\/\/maltakoncert.hu\/wp-content\/uploads\/2025\/07\/JotekonysagiKoncert_invitation_250930_SJ_EN_BANNER_TRANSPARENT-300x300.png 300w, https:\/\/maltakoncert.hu\/wp-content\/uploads\/2025\/07\/JotekonysagiKoncert_invitation_250930_SJ_EN_BANNER_TRANSPARENT-150x150.png 150w, https:\/\/maltakoncert.hu\/wp-content\/uploads\/2025\/07\/JotekonysagiKoncert_invitation_250930_SJ_EN_BANNER_TRANSPARENT-768x768.png 768w, https:\/\/maltakoncert.hu\/wp-content\/uploads\/2025\/07\/JotekonysagiKoncert_invitation_250930_SJ_EN_BANNER_TRANSPARENT-400x400.png 400w, https:\/\/maltakoncert.hu\/wp-content\/uploads\/2025\/07\/JotekonysagiKoncert_invitation_250930_SJ_EN_BANNER_TRANSPARENT-600x600.png 600w, https:\/\/maltakoncert.hu\/wp-content\/uploads\/2025\/07\/JotekonysagiKoncert_invitation_250930_SJ_EN_BANNER_TRANSPARENT-100x100.png 100w, https:\/\/maltakoncert.hu\/wp-content\/uploads\/2025\/07\/JotekonysagiKoncert_invitation_250930_SJ_EN_BANNER_TRANSPARENT.png 1000w\" sizes=\"(max-width: 300px) 100vw, 300px\" \/><\/a>\n\t\t<div class=\"szentjanosbal-block-meta\">\n\t\t\t<p class=\"szentjanosbal-block-title\">Supporter<\/p>\n\t\t\t<p class=\"szentjanosbal-block-price\"><span class=\"woocommerce-Price-amount amount\"><bdi>100 000&nbsp;<span class=\"woocommerce-Price-currencySymbol\">&#70;&#116;<\/span><\/bdi><\/span><\/p>\n\t\t<\/div>\n\t\t<a class=\"szentjanosbal-block-cta\" href=\"?add-to-cart=2451\">\n\t\t\tDonate\t\t<\/a>\n\t<\/div>\n<\/div>\n<div class=\"szentjanosbal-block \" data-slug=\"bronze-supporter\">\n\t<div class=\"szentjanosbal-block-main\">\n\t\t<a class=\"szentjanosbal-block-thumbnail\" href=\"https:\/\/maltakoncert.hu\/en\/ticket\/bronze-supporter\/\"><img loading=\"lazy\" decoding=\"async\" width=\"300\" height=\"300\" src=\"https:\/\/maltakoncert.hu\/wp-content\/uploads\/2025\/07\/JotekonysagiKoncert_invitation_250930_SJ_EN_BANNER_TRANSPARENT-300x300.png\" class=\"attachment-medium size-medium wp-post-image\" alt=\"\" srcset=\"https:\/\/maltakoncert.hu\/wp-content\/uploads\/2025\/07\/JotekonysagiKoncert_invitation_250930_SJ_EN_BANNER_TRANSPARENT-300x300.png 300w, https:\/\/maltakoncert.hu\/wp-content\/uploads\/2025\/07\/JotekonysagiKoncert_invitation_250930_SJ_EN_BANNER_TRANSPARENT-150x150.png 150w, https:\/\/maltakoncert.hu\/wp-content\/uploads\/2025\/07\/JotekonysagiKoncert_invitation_250930_SJ_EN_BANNER_TRANSPARENT-768x768.png 768w, https:\/\/maltakoncert.hu\/wp-content\/uploads\/2025\/07\/JotekonysagiKoncert_invitation_250930_SJ_EN_BANNER_TRANSPARENT-400x400.png 400w, https:\/\/maltakoncert.hu\/wp-content\/uploads\/2025\/07\/JotekonysagiKoncert_invitation_250930_SJ_EN_BANNER_TRANSPARENT-600x600.png 600w, https:\/\/maltakoncert.hu\/wp-content\/uploads\/2025\/07\/JotekonysagiKoncert_invitation_250930_SJ_EN_BANNER_TRANSPARENT-100x100.png 100w, https:\/\/maltakoncert.hu\/wp-content\/uploads\/2025\/07\/JotekonysagiKoncert_invitation_250930_SJ_EN_BANNER_TRANSPARENT.png 1000w\" sizes=\"(max-width: 300px) 100vw, 300px\" \/><\/a>\n\t\t<div class=\"szentjanosbal-block-meta\">\n\t\t\t<p class=\"szentjanosbal-block-title\">Bronze Supporter<\/p>\n\t\t\t<p class=\"szentjanosbal-block-price\"><span class=\"woocommerce-Price-amount amount\"><bdi>250 000&nbsp;<span class=\"woocommerce-Price-currencySymbol\">&#70;&#116;<\/span><\/bdi><\/span><\/p>\n\t\t<\/div>\n\t\t<a class=\"szentjanosbal-block-cta\" href=\"?add-to-cart=6691\">\n\t\t\tDonate\t\t<\/a>\n\t<\/div>\n<\/div>\n<div class=\"szentjanosbal-block \" data-slug=\"silver-supporter\">\n\t<div class=\"szentjanosbal-block-main\">\n\t\t<a class=\"szentjanosbal-block-thumbnail\" href=\"https:\/\/maltakoncert.hu\/en\/ticket\/silver-supporter\/\"><img loading=\"lazy\" decoding=\"async\" width=\"300\" height=\"300\" src=\"https:\/\/maltakoncert.hu\/wp-content\/uploads\/2025\/07\/JotekonysagiKoncert_invitation_250930_SJ_EN_BANNER_TRANSPARENT-300x300.png\" class=\"attachment-medium size-medium wp-post-image\" alt=\"\" srcset=\"https:\/\/maltakoncert.hu\/wp-content\/uploads\/2025\/07\/JotekonysagiKoncert_invitation_250930_SJ_EN_BANNER_TRANSPARENT-300x300.png 300w, https:\/\/maltakoncert.hu\/wp-content\/uploads\/2025\/07\/JotekonysagiKoncert_invitation_250930_SJ_EN_BANNER_TRANSPARENT-150x150.png 150w, https:\/\/maltakoncert.hu\/wp-content\/uploads\/2025\/07\/JotekonysagiKoncert_invitation_250930_SJ_EN_BANNER_TRANSPARENT-768x768.png 768w, https:\/\/maltakoncert.hu\/wp-content\/uploads\/2025\/07\/JotekonysagiKoncert_invitation_250930_SJ_EN_BANNER_TRANSPARENT-400x400.png 400w, https:\/\/maltakoncert.hu\/wp-content\/uploads\/2025\/07\/JotekonysagiKoncert_invitation_250930_SJ_EN_BANNER_TRANSPARENT-600x600.png 600w, https:\/\/maltakoncert.hu\/wp-content\/uploads\/2025\/07\/JotekonysagiKoncert_invitation_250930_SJ_EN_BANNER_TRANSPARENT-100x100.png 100w, https:\/\/maltakoncert.hu\/wp-content\/uploads\/2025\/07\/JotekonysagiKoncert_invitation_250930_SJ_EN_BANNER_TRANSPARENT.png 1000w\" sizes=\"(max-width: 300px) 100vw, 300px\" \/><\/a>\n\t\t<div class=\"szentjanosbal-block-meta\">\n\t\t\t<p class=\"szentjanosbal-block-title\">Silver Supporter<\/p>\n\t\t\t<p class=\"szentjanosbal-block-price\"><span class=\"woocommerce-Price-amount amount\"><bdi>500 000&nbsp;<span class=\"woocommerce-Price-currencySymbol\">&#70;&#116;<\/span><\/bdi><\/span><\/p>\n\t\t<\/div>\n\t\t<a class=\"szentjanosbal-block-cta\" href=\"?add-to-cart=2687\">\n\t\t\tDonate\t\t<\/a>\n\t<\/div>\n<\/div>\n<div class=\"szentjanosbal-block selected\" data-slug=\"gold-supporter\">\n\t<div class=\"szentjanosbal-block-main\">\n\t\t<a class=\"szentjanosbal-block-thumbnail\" href=\"https:\/\/maltakoncert.hu\/en\/ticket\/gold-supporter\/\"><img loading=\"lazy\" decoding=\"async\" width=\"300\" height=\"300\" src=\"https:\/\/maltakoncert.hu\/wp-content\/uploads\/2025\/07\/JotekonysagiKoncert_invitation_250930_SJ_EN_BANNER_TRANSPARENT-300x300.png\" class=\"attachment-medium size-medium wp-post-image\" alt=\"\" srcset=\"https:\/\/maltakoncert.hu\/wp-content\/uploads\/2025\/07\/JotekonysagiKoncert_invitation_250930_SJ_EN_BANNER_TRANSPARENT-300x300.png 300w, https:\/\/maltakoncert.hu\/wp-content\/uploads\/2025\/07\/JotekonysagiKoncert_invitation_250930_SJ_EN_BANNER_TRANSPARENT-150x150.png 150w, https:\/\/maltakoncert.hu\/wp-content\/uploads\/2025\/07\/JotekonysagiKoncert_invitation_250930_SJ_EN_BANNER_TRANSPARENT-768x768.png 768w, https:\/\/maltakoncert.hu\/wp-content\/uploads\/2025\/07\/JotekonysagiKoncert_invitation_250930_SJ_EN_BANNER_TRANSPARENT-400x400.png 400w, https:\/\/maltakoncert.hu\/wp-content\/uploads\/2025\/07\/JotekonysagiKoncert_invitation_250930_SJ_EN_BANNER_TRANSPARENT-600x600.png 600w, https:\/\/maltakoncert.hu\/wp-content\/uploads\/2025\/07\/JotekonysagiKoncert_invitation_250930_SJ_EN_BANNER_TRANSPARENT-100x100.png 100w, https:\/\/maltakoncert.hu\/wp-content\/uploads\/2025\/07\/JotekonysagiKoncert_invitation_250930_SJ_EN_BANNER_TRANSPARENT.png 1000w\" sizes=\"(max-width: 300px) 100vw, 300px\" \/><\/a>\n\t\t<div class=\"szentjanosbal-block-meta\">\n\t\t\t<p class=\"szentjanosbal-block-title\">Gold Supporter<\/p>\n\t\t\t<p class=\"szentjanosbal-block-price\"><span class=\"woocommerce-Price-amount amount\"><bdi>1 000 000&nbsp;<span class=\"woocommerce-Price-currencySymbol\">&#70;&#116;<\/span><\/bdi><\/span><\/p>\n\t\t<\/div>\n\t\t<a class=\"szentjanosbal-block-cta\" href=\"?add-to-cart=4808\">\n\t\t\tDonate\t\t<\/a>\n\t<\/div>\n<\/div>\t\t<\/div>\n\t<\/div>\n\n\n\t<\/p>\n<p style=\"text-align: center;\">If you wish to donate a larger amount, please <span style=\"color: #d31e26;\"><a style=\"color: #d31e26;\" href=\"https:\/\/maltakoncert.hu\/en\/contact\/\">contact<\/a><\/span> us at the Hungarian Association of the Order of Malta Foundation.<u><\/u><u><\/u><\/p>\n<p style=\"text-align: center;\">Only card payments can be made on this website. If you prefer to pay by bank transfer, please send the total in HUF to the bank account of the Hungarian Association of the Order of Malta Foundation:<u><\/u><u><\/u><\/p>\n<p style=\"text-align: center;\">Beneficiary: Magyar M\u00e1ltai Lovagok Alap\u00edtv\u00e1ny<u><\/u><u><\/u><\/p>\n<p style=\"text-align: center;\">Bank: CIB Bank<u><\/u><u><\/u><\/p>\n<p style=\"text-align: center;\">Account number: 10700024-04141408-56100000<u><\/u><u><\/u><\/p>\n<p style=\"text-align: center;\">IBAN: HU26107000240414140856100000<u><\/u><u><\/u><\/p>\n<p style=\"text-align: center;\">Reference: Circle of Patrons donation<\/p>\n<p style=\"text-align: center;\"><u><\/u><u><\/u><u><\/u>\u00a0<u><\/u><\/p>\n<p style=\"text-align: center;\">Please note that the Foundation is a nonprofit organization. Tax receipts for corporate donations are only issued if the payment is made via bank transfer. Please <span style=\"color: #d31e26;\"><a style=\"color: #d31e26;\" href=\"https:\/\/maltakoncert.hu\/en\/contact\/\">contact<\/a><\/span> the Foundation directly if you would like to make such a donation.<\/p>\n","protected":false},"excerpt":{"rendered":"<p>Circle of Patrons To encourage the generosity of private individuals, we have established the Circle of Patrons. Through their donations to the\u00a0Maltese Symphony Scholarship Program run by the Hungarian Charity Service of the Order of Malta, Patron Circle members support the continuing musical education of disadvantaged children from Emerging Settlements. Patrons are given the opportunity [&hellip;]<\/p>\n","protected":false},"author":1,"featured_media":0,"parent":0,"menu_order":0,"comment_status":"closed","ping_status":"closed","template":"","meta":{"_acf_changed":false,"_et_pb_use_builder":"off","_et_pb_old_content":"<p style=\"text-align: center;\"><strong>Individual Donations<\/strong><\/p>\r\n<p style=\"text-align: center;\">To encourage donations from individuals, we established this year the V Saint John's Charity Ball Supporters' Circle. Your donations will enable the launch of interactive and digital educational programs at five disadvantaged elementary schools and the participation of ten Hungarian disabled young people in the <a href=\"https:\/\/maltacamp2020.it\" target=\"_blank\" rel=\"noopener\">International Maltacamp for the Disabled in Rome<\/a>.<\/p>\r\n<p style=\"text-align: center;\">Choose Gold, Silver, or Bronze Supporter levels, or simply become a Supporter with a minimum donation of 20,000 Ft.<\/p>\r\n<p style=\"text-align: center;\">[szentjanosbal_products type=\"donations\"]<\/p>\r\n<p style=\"text-align: center;\">Should you wish to donate a larger amount please <a href=\"\/en\/contact?from=individual\">contact<\/a> us!<\/p>\r\n<p style=\"text-align: center;\">Only credit card payments are allowed through this website. If You would like to pay by bank transfer, then please <a href=\"\/en\/contact?from=transfer\">contact<\/a> the Ball Committee.<\/p>\r\n<p style=\"text-align: center;\">Payment can be made in HUF or Euro.<\/p>\r\n<p style=\"text-align: center;\">Tax deductible donation receipts for company donations will ONLY be issued if payment is made via bank transfer. In such case, please <a href=\"\/en\/contact?from=corporate\"> contact<\/a> the Ball Committee.<\/p>","_et_gb_content_width":"","footnotes":""},"class_list":["post-2809","page","type-page","status-publish","hentry"],"acf":[],"yoast_head":"<!-- This site is optimized with the Yoast SEO plugin v24.8.1 - https:\/\/yoast.com\/wordpress\/plugins\/seo\/ -->\n<title>Individual Donations - Maltaball Koncert<\/title>\n<meta name=\"robots\" content=\"index, follow, max-snippet:-1, max-image-preview:large, max-video-preview:-1\" \/>\n<link rel=\"canonical\" href=\"https:\/\/maltakoncert.hu\/en\/individual-donations\/\" \/>\n<meta property=\"og:locale\" content=\"en_US\" \/>\n<meta property=\"og:type\" content=\"article\" \/>\n<meta property=\"og:title\" content=\"Individual Donations - Maltaball Koncert\" \/>\n<meta property=\"og:description\" content=\"Circle of Patrons To encourage the generosity of private individuals, we have established the Circle of Patrons. Through their donations to the\u00a0Maltese Symphony Scholarship Program run by the Hungarian Charity Service of the Order of Malta, Patron Circle members support the continuing musical education of disadvantaged children from Emerging Settlements. Patrons are given the opportunity [&hellip;]\" \/>\n<meta property=\"og:url\" content=\"https:\/\/maltakoncert.hu\/en\/individual-donations\/\" \/>\n<meta property=\"og:site_name\" content=\"Maltaball Koncert\" \/>\n<meta property=\"article:modified_time\" content=\"2025-07-23T14:29:39+00:00\" \/>\n<meta name=\"twitter:card\" content=\"summary_large_image\" \/>\n<meta name=\"twitter:label1\" content=\"Est. reading time\" \/>\n\t<meta name=\"twitter:data1\" content=\"1 minute\" \/>\n<script type=\"application\/ld+json\" class=\"yoast-schema-graph\">{\"@context\":\"https:\/\/schema.org\",\"@graph\":[{\"@type\":\"WebPage\",\"@id\":\"https:\/\/maltakoncert.hu\/en\/individual-donations\/\",\"url\":\"https:\/\/maltakoncert.hu\/en\/individual-donations\/\",\"name\":\"Individual Donations - Maltaball Koncert\",\"isPartOf\":{\"@id\":\"https:\/\/maltakoncert.hu\/#website\"},\"datePublished\":\"2022-02-22T14:15:42+00:00\",\"dateModified\":\"2025-07-23T14:29:39+00:00\",\"breadcrumb\":{\"@id\":\"https:\/\/maltakoncert.hu\/en\/individual-donations\/#breadcrumb\"},\"inLanguage\":\"en-US\",\"potentialAction\":[{\"@type\":\"ReadAction\",\"target\":[\"https:\/\/maltakoncert.hu\/en\/individual-donations\/\"]}]},{\"@type\":\"BreadcrumbList\",\"@id\":\"https:\/\/maltakoncert.hu\/en\/individual-donations\/#breadcrumb\",\"itemListElement\":[{\"@type\":\"ListItem\",\"position\":1,\"name\":\"Home\",\"item\":\"https:\/\/maltakoncert.hu\/en\/\"},{\"@type\":\"ListItem\",\"position\":2,\"name\":\"Individual Donations\"}]},{\"@type\":\"WebSite\",\"@id\":\"https:\/\/maltakoncert.hu\/#website\",\"url\":\"https:\/\/maltakoncert.hu\/\",\"name\":\"Maltaball Koncert\",\"description\":\"\",\"potentialAction\":[{\"@type\":\"SearchAction\",\"target\":{\"@type\":\"EntryPoint\",\"urlTemplate\":\"https:\/\/maltakoncert.hu\/?s={search_term_string}\"},\"query-input\":{\"@type\":\"PropertyValueSpecification\",\"valueRequired\":true,\"valueName\":\"search_term_string\"}}],\"inLanguage\":\"en-US\"}]}<\/script>\n<!-- \/ Yoast SEO plugin. -->","yoast_head_json":{"title":"Individual Donations - Maltaball Koncert","robots":{"index":"index","follow":"follow","max-snippet":"max-snippet:-1","max-image-preview":"max-image-preview:large","max-video-preview":"max-video-preview:-1"},"canonical":"https:\/\/maltakoncert.hu\/en\/individual-donations\/","og_locale":"en_US","og_type":"article","og_title":"Individual Donations - Maltaball Koncert","og_description":"Circle of Patrons To encourage the generosity of private individuals, we have established the Circle of Patrons. Through their donations to the\u00a0Maltese Symphony Scholarship Program run by the Hungarian Charity Service of the Order of Malta, Patron Circle members support the continuing musical education of disadvantaged children from Emerging Settlements. Patrons are given the opportunity [&hellip;]","og_url":"https:\/\/maltakoncert.hu\/en\/individual-donations\/","og_site_name":"Maltaball Koncert","article_modified_time":"2025-07-23T14:29:39+00:00","twitter_card":"summary_large_image","twitter_misc":{"Est. reading time":"1 minute"},"schema":{"@context":"https:\/\/schema.org","@graph":[{"@type":"WebPage","@id":"https:\/\/maltakoncert.hu\/en\/individual-donations\/","url":"https:\/\/maltakoncert.hu\/en\/individual-donations\/","name":"Individual Donations - Maltaball Koncert","isPartOf":{"@id":"https:\/\/maltakoncert.hu\/#website"},"datePublished":"2022-02-22T14:15:42+00:00","dateModified":"2025-07-23T14:29:39+00:00","breadcrumb":{"@id":"https:\/\/maltakoncert.hu\/en\/individual-donations\/#breadcrumb"},"inLanguage":"en-US","potentialAction":[{"@type":"ReadAction","target":["https:\/\/maltakoncert.hu\/en\/individual-donations\/"]}]},{"@type":"BreadcrumbList","@id":"https:\/\/maltakoncert.hu\/en\/individual-donations\/#breadcrumb","itemListElement":[{"@type":"ListItem","position":1,"name":"Home","item":"https:\/\/maltakoncert.hu\/en\/"},{"@type":"ListItem","position":2,"name":"Individual Donations"}]},{"@type":"WebSite","@id":"https:\/\/maltakoncert.hu\/#website","url":"https:\/\/maltakoncert.hu\/","name":"Maltaball Koncert","description":"","potentialAction":[{"@type":"SearchAction","target":{"@type":"EntryPoint","urlTemplate":"https:\/\/maltakoncert.hu\/?s={search_term_string}"},"query-input":{"@type":"PropertyValueSpecification","valueRequired":true,"valueName":"search_term_string"}}],"inLanguage":"en-US"}]}},"_links":{"self":[{"href":"https:\/\/maltakoncert.hu\/en\/wp-json\/wp\/v2\/pages\/2809","targetHints":{"allow":["GET"]}}],"collection":[{"href":"https:\/\/maltakoncert.hu\/en\/wp-json\/wp\/v2\/pages"}],"about":[{"href":"https:\/\/maltakoncert.hu\/en\/wp-json\/wp\/v2\/types\/page"}],"author":[{"embeddable":true,"href":"https:\/\/maltakoncert.hu\/en\/wp-json\/wp\/v2\/users\/1"}],"replies":[{"embeddable":true,"href":"https:\/\/maltakoncert.hu\/en\/wp-json\/wp\/v2\/comments?post=2809"}],"version-history":[{"count":7,"href":"https:\/\/maltakoncert.hu\/en\/wp-json\/wp\/v2\/pages\/2809\/revisions"}],"predecessor-version":[{"id":6742,"href":"https:\/\/maltakoncert.hu\/en\/wp-json\/wp\/v2\/pages\/2809\/revisions\/6742"}],"wp:attachment":[{"href":"https:\/\/maltakoncert.hu\/en\/wp-json\/wp\/v2\/media?parent=2809"}],"curies":[{"name":"wp","href":"https:\/\/api.w.org\/{rel}","templated":true}]}}