{"id":6096,"date":"2025-07-18T00:21:09","date_gmt":"2025-07-17T22:21:09","guid":{"rendered":"https:\/\/maltakoncert.hu\/?page_id=6096"},"modified":"2025-07-19T13:12:29","modified_gmt":"2025-07-19T11:12:29","slug":"maltese-charity-concert","status":"publish","type":"page","link":"https:\/\/maltakoncert.hu\/en\/maltese-charity-concert\/","title":{"rendered":"Maltese Symphony Scholarship Program"},"content":{"rendered":"<p>[et_pb_section fb_built=&#8221;1&#8243; disabled_on=&#8221;off|off|off&#8221; _builder_version=&#8221;4.27.4&#8243; _module_preset=&#8221;default&#8221; da_disable_devices=&#8221;off|off|off&#8221; global_colors_info=&#8221;{}&#8221; da_is_popup=&#8221;off&#8221; da_exit_intent=&#8221;off&#8221; da_has_close=&#8221;on&#8221; da_alt_close=&#8221;off&#8221; da_dark_close=&#8221;off&#8221; da_not_modal=&#8221;on&#8221; da_is_singular=&#8221;off&#8221; da_with_loader=&#8221;off&#8221; da_has_shadow=&#8221;on&#8221;][et_pb_row _builder_version=&#8221;4.27.4&#8243; _module_preset=&#8221;default&#8221; max_width=&#8221;816px&#8221; global_colors_info=&#8221;{}&#8221;][et_pb_column type=&#8221;4_4&#8243; _builder_version=&#8221;4.27.4&#8243; _module_preset=&#8221;default&#8221; global_colors_info=&#8221;{}&#8221;][et_pb_text _builder_version=&#8221;4.27.4&#8243; _module_preset=&#8221;default&#8221; hover_enabled=&#8221;0&#8243; global_colors_info=&#8221;{}&#8221; sticky_enabled=&#8221;0&#8243;]<\/p>\n<h3 style=\"text-align: center;\"><span style=\"color: #d31e26;\"><strong>The Maltese Symphony Program<\/strong><\/span><\/h3>\n<p style=\"text-align: left;\">The Maltese Symphony is a music-social program launched in 2013 by the Hungarian Charity Service of the Order of Malta, aimed at promoting the social integration of disadvantaged children\u2014 often living in deep poverty or socially excluded communities \u2014 through community-based music education.<\/p>\n<p style=\"text-align: left;\">The program is inspired by Venezuela\u2019s El Sistema model and seeks to develop the self-confidence, cooperation skills, perseverance, and academic performance of participating children through the joy of music and collective creativity.<\/p>\n<p style=\"text-align: left;\">During the sessions, children receive instrumental music education along with social support. The symphony program today operates in several locations across Hungary and has shown many positive effects on the development of the students involved.<\/p>\n<p style=\"text-align: left;\">Performances like the Maltese Charity Concert hold special importance in the lives of these children \u2014 the experience of performing on stage affirms that they are talented, valuable, and that they have a role in society.<\/p>\n<p style=\"text-align: left;\">For more information, visit the official website: <span style=\"color: #d31e26;\"><a style=\"color: #d31e26;\" href=\"http:\/\/maltaiszimfonia.hu\/\" target=\"_blank\" rel=\"noopener\">maltaiszimfonia.hu<\/a><\/span><\/p>\n<p>[\/et_pb_text][et_pb_image src=&#8221;https:\/\/maltakoncert.hu\/wp-content\/uploads\/2025\/07\/ORP_4910.jpg&#8221; title_text=&#8221;ORP_4910&#8243; _builder_version=&#8221;4.27.4&#8243; _module_preset=&#8221;default&#8221; global_colors_info=&#8221;{}&#8221;][\/et_pb_image][et_pb_text _builder_version=&#8221;4.27.4&#8243; _module_preset=&#8221;default&#8221; global_colors_info=&#8221;{}&#8221;]<\/p>\n<p style=\"text-align: center;\"><em>The Maltese Symphony Orchestra\u2019s performance at the Liszt Ferenc Academy of Music in 2022 was a great success.<\/em><\/p>\n<p>[\/et_pb_text][et_pb_text _builder_version=&#8221;4.27.4&#8243; _module_preset=&#8221;default&#8221; global_colors_info=&#8221;{}&#8221;]<\/p>\n<h3>\u00a0<\/h3>\n<h3 style=\"text-align: center;\"><strong><span style=\"color: #d31e26;\">The Hungarian Association of the Order of Malta and the Maltese Symphony Scholarship Program<\/span><\/strong><\/h3>\n<p style=\"text-align: left;\">The Hungarian Association of the Sovereign Order of Malta, using the proceeds from last year\u2019s 6th St. John Charity Ball, established and launched the Maltese Symphony Scholarship Program as part of the Maltese Symphony initiative.<\/p>\n<p style=\"text-align: left;\">The goal of the scholarship is to support talented, disadvantaged students who are preparing for a musical career and are continuing their secondary education in music-specialized schools.<\/p>\n<p style=\"text-align: left;\">Over the past year, the scholarship has not only provided financial assistance to several students, but also offered them mentoring, thereby helping their academic progress and social integration.<\/p>\n<p style=\"text-align: left;\">Proceeds from the charity concert in September will provide funding to continue this important work and program.<\/p>\n<p>[\/et_pb_text][et_pb_image src=&#8221;https:\/\/maltakoncert.hu\/wp-content\/uploads\/2025\/07\/Maltai-Szimfonia-Vigado&#8211;scaled.jpg&#8221; title_text=&#8221;M\u00e1ltai Szimf\u00f3nia Vigad\u00f3&#8221; _builder_version=&#8221;4.27.4&#8243; _module_preset=&#8221;default&#8221; global_colors_info=&#8221;{}&#8221;][\/et_pb_image][et_pb_text _builder_version=&#8221;4.27.4&#8243; _module_preset=&#8221;default&#8221; global_colors_info=&#8221;{}&#8221;]<\/p>\n<p style=\"text-align: center;\"><em>The Maltese Symphony Orchestra\u2019s performance at the Pesti Vigado was a highlight of the 6th St. John Charity Ball hosted by the Hungarian Association of the Order of Malta in the summer of 2024.<\/em><\/p>\n<p>[\/et_pb_text][\/et_pb_column][\/et_pb_row][\/et_pb_section]<\/p>\n","protected":false},"excerpt":{"rendered":"<p>The Maltese Symphony Program The Maltese Symphony is&#8230;<\/p>\n","protected":false},"author":348,"featured_media":0,"parent":0,"menu_order":0,"comment_status":"closed","ping_status":"closed","template":"","meta":{"_acf_changed":false,"_et_pb_use_builder":"on","_et_pb_old_content":"<p>[et_pb_section fb_built=\"1\" disabled_on=\"off|off|off\" _builder_version=\"4.27.4\" _module_preset=\"default\" da_disable_devices=\"off|off|off\" global_colors_info=\"{}\" da_is_popup=\"off\" da_exit_intent=\"off\" da_has_close=\"on\" da_alt_close=\"off\" da_dark_close=\"off\" da_not_modal=\"on\" da_is_singular=\"off\" da_with_loader=\"off\" da_has_shadow=\"on\"][et_pb_row _builder_version=\"4.27.4\" _module_preset=\"default\" max_width=\"816px\" global_colors_info=\"{}\"][et_pb_column type=\"4_4\" _builder_version=\"4.27.4\" _module_preset=\"default\" global_colors_info=\"{}\"][et_pb_text _builder_version=\"4.27.4\" _module_preset=\"default\" hover_enabled=\"0\" global_colors_info=\"{}\" sticky_enabled=\"0\"]<\/p><h3 style=\"text-align: center;\"><span style=\"color: #d31e26;\"><strong><em>A M\u00e1ltai Szimf\u00f3nia Program<\/em><\/strong><\/span><\/h3><p>A M\u00e1ltai Szimf\u00f3nia a Magyar M\u00e1ltai Szeretetszolg\u00e1lat 2013-ban ind\u00edtott zenei-szoci\u00e1lis programja, amely a h\u00e1tr\u00e1nyos helyzet\u0171 - gyakran m\u00e9lyszeg\u00e9nys\u00e9gben, szoci\u00e1lisan kirekesztett k\u00f6z\u00f6ss\u00e9gekben \u00e9l\u0151 - gyermekek t\u00e1rsadalmi integr\u00e1ci\u00f3j\u00e1t seg\u00edti el\u0151 k\u00f6z\u00f6ss\u00e9gi zenetanul\u00e1s r\u00e9v\u00e9n. A program a venezuelai El Sistema mint\u00e1j\u00e1ra \u00e9p\u00fcl, \u00e9s c\u00e9lja, hogy a zene \u00f6r\u00f6me \u00e9s a k\u00f6z\u00f6s alkot\u00e1son kereszt\u00fcl fejlessze a r\u00e9sztvev\u0151 fiatalok \u00f6nbizalm\u00e1t, egy\u00fcttm\u0171k\u00f6d\u00e9si k\u00e9szs\u00e9g\u00e9t, kitart\u00e1s\u00e1t \u00e9s iskolai teljes\u00edtm\u00e9ny\u00e9t. <strong>A foglalkoz\u00e1sok sor\u00e1n a gyermekek hangszeres oktat\u00e1sban r\u00e9szes\u00fclnek, mik\u00f6zben szoci\u00e1lis t\u00e1mogat\u00e1st is kapnak. <\/strong>A program jelenleg m\u00e1r t\u00f6bb magyarorsz\u00e1gi helysz\u00ednen m\u0171k\u00f6dik, \u00e9s sz\u00e1mos pozit\u00edv hat\u00e1s mutathat\u00f3 ki a r\u00e9sztvev\u0151k fejl\u0151d\u00e9s\u00e9ben.<\/p><p><strong>A M\u00e1ltai Koncerthez hasonl\u00f3 fell\u00e9p\u00e9seknek k\u00fcl\u00f6n\u00f6sen nagy jelent\u0151s\u00e9g\u00fck van a gyermekek \u00e9let\u00e9ben, fejl\u0151d\u00e9s\u00e9ben: a sz\u00ednpadi jelenl\u00e9t meger\u0151s\u00edti benn\u00fck, hogy tehets\u00e9gesek, \u00e9rt\u00e9kesek, \u00e9s van hely\u00fck a vil\u00e1gban.<\/strong><\/p><p>Tov\u00e1bbi inform\u00e1ci\u00f3k\u00e9rt l\u00e1togasson el a hivatalos weboldalra: <span style=\"color: #d31e26;\"><a style=\"color: #d31e26;\" href=\"https:\/\/maltaiszimfonia.hu\/\">maltaiszimfonia.hu<\/a><\/span><\/p><p>[\/et_pb_text][et_pb_image src=\"https:\/\/maltakoncert.hu\/wp-content\/uploads\/2025\/07\/ORP_4910.jpg\" title_text=\"ORP_4910\" _builder_version=\"4.27.4\" _module_preset=\"default\" global_colors_info=\"{}\"][\/et_pb_image][et_pb_text _builder_version=\"4.27.4\" _module_preset=\"default\" hover_enabled=\"0\" global_colors_info=\"{}\" sticky_enabled=\"0\"]<\/p><h3>\u00a0<\/h3><h3 style=\"text-align: center;\"><span style=\"color: #d31e26;\"><strong><em>A Magyar M\u00e1ltai Lovagok Sz\u00f6vets\u00e9ge \u00e9s a M\u00e1ltai Szimf\u00f3nia <\/em><\/strong><strong><em>\u00d6szt\u00f6nd\u00edj Program <\/em><\/strong><\/span><\/h3><p><strong>A Magyar M\u00e1ltai Lovagok Sz\u00f6vets\u00e9ge <\/strong>\u00e1ltal az elm\u00falt \u00e9vben rendezett VI. Szent J\u00e1nos J\u00f3t\u00e9konys\u00e1gi B\u00e1l bev\u00e9tel\u00e9b\u0151l l\u00e9trehozta \u00e9s <strong>elind\u00edtotta a M\u00e1ltai Szimf\u00f3nia Program r\u00e9szek\u00e9nt m\u0171k\u00f6d\u0151 M\u00e1ltai Szimf\u00f3nia \u00d6szt\u00f6nd\u00edj Programot<\/strong> melynek c\u00e9lja, hogy t\u00e1mogassa azokat a tehets\u00e9ges, h\u00e1tr\u00e1nyos helyzet\u0171 di\u00e1kokat, akik zenei p\u00e1ly\u00e1ra k\u00e9sz\u00fclnek, \u00e9s k\u00f6z\u00e9piskolai tanulm\u00e1nyaikat zenei szakir\u00e1nyon folytatj\u00e1k. Az \u00f6szt\u00f6nd\u00edj az elm\u00falt \u00e9vben t\u00f6bb di\u00e1k sz\u00e1m\u00e1ra ny\u00fajtott nemcsak anyagi t\u00e1mogat\u00e1st, hanem mentor\u00e1l\u00e1st is biztos\u00edtott a sz\u00e1mukra, el\u0151seg\u00edtve ezzel tanulm\u00e1nyi el\u0151menetel\u00fcket \u00e9s t\u00e1rsadalmi beilleszked\u00e9s\u00fcket.<\/p><p><strong>A Magyar M\u00e1ltai Lovagok Sz\u00f6vets\u00e9ge \u00e1ltal\u00a0 szeptemberben megrendez\u00e9sre ker\u00fcl\u0151 j\u00f3t\u00e9konys\u00e1gi koncert bev\u00e9tele ennek a munk\u00e1nak, ennek\u00a0 a programnak a folytat\u00e1s\u00e1hoz ny\u00fajt fedezetet.<\/strong><\/p><p>[\/et_pb_text][et_pb_image src=\"https:\/\/maltakoncert.hu\/wp-content\/uploads\/2025\/07\/Maltai-Szimfonia-Vigado--scaled.jpg\" title_text=\"M\u00e1ltai Szimf\u00f3nia Vigad\u00f3\" _builder_version=\"4.27.4\" _module_preset=\"default\" global_colors_info=\"{}\"][\/et_pb_image][et_pb_text _builder_version=\"4.27.4\" _module_preset=\"default\" global_colors_info=\"{}\"]<\/p><p style=\"text-align: center;\"><em>A M\u00e1ltai Lovagok Sz\u00f6vets\u00e9g\u00e9nek 2024. nyar\u00e1n megtartott VI. Szent J\u00e1nos J\u00f3t\u00e9konys\u00e1gi B\u00e1lj\u00e1n nagy sikerrel fell\u00e9p\u0151 M\u00e1ltai Szimf\u00f3nia zenekar.<\/em><\/p><p>[\/et_pb_text][\/et_pb_column][\/et_pb_row][\/et_pb_section]<\/p>","_et_gb_content_width":"","footnotes":""},"class_list":["post-6096","page","type-page","status-publish","hentry"],"acf":[],"yoast_head":"<!-- This site is optimized with the Yoast SEO plugin v24.8.1 - https:\/\/yoast.com\/wordpress\/plugins\/seo\/ -->\n<title>Maltese Symphony Scholarship Program - Maltaball Koncert<\/title>\n<meta name=\"robots\" content=\"index, follow, max-snippet:-1, max-image-preview:large, max-video-preview:-1\" \/>\n<link rel=\"canonical\" href=\"https:\/\/maltakoncert.hu\/en\/maltese-charity-concert\/\" \/>\n<meta property=\"og:locale\" content=\"en_US\" \/>\n<meta property=\"og:type\" content=\"article\" \/>\n<meta property=\"og:title\" content=\"Maltese Symphony Scholarship Program - Maltaball Koncert\" \/>\n<meta property=\"og:description\" content=\"The Maltese Symphony Program The Maltese Symphony is...\" \/>\n<meta property=\"og:url\" content=\"https:\/\/maltakoncert.hu\/en\/maltese-charity-concert\/\" \/>\n<meta property=\"og:site_name\" content=\"Maltaball Koncert\" \/>\n<meta property=\"article:modified_time\" content=\"2025-07-19T11:12:29+00:00\" \/>\n<meta name=\"twitter:card\" content=\"summary_large_image\" \/>\n<meta name=\"twitter:label1\" content=\"Est. reading time\" \/>\n\t<meta name=\"twitter:data1\" content=\"2 minutes\" \/>\n<script type=\"application\/ld+json\" class=\"yoast-schema-graph\">{\"@context\":\"https:\/\/schema.org\",\"@graph\":[{\"@type\":\"WebPage\",\"@id\":\"https:\/\/maltakoncert.hu\/en\/maltese-charity-concert\/\",\"url\":\"https:\/\/maltakoncert.hu\/en\/maltese-charity-concert\/\",\"name\":\"Maltese Symphony Scholarship Program - Maltaball Koncert\",\"isPartOf\":{\"@id\":\"https:\/\/maltakoncert.hu\/#website\"},\"datePublished\":\"2025-07-17T22:21:09+00:00\",\"dateModified\":\"2025-07-19T11:12:29+00:00\",\"breadcrumb\":{\"@id\":\"https:\/\/maltakoncert.hu\/en\/maltese-charity-concert\/#breadcrumb\"},\"inLanguage\":\"en-US\",\"potentialAction\":[{\"@type\":\"ReadAction\",\"target\":[\"https:\/\/maltakoncert.hu\/en\/maltese-charity-concert\/\"]}]},{\"@type\":\"BreadcrumbList\",\"@id\":\"https:\/\/maltakoncert.hu\/en\/maltese-charity-concert\/#breadcrumb\",\"itemListElement\":[{\"@type\":\"ListItem\",\"position\":1,\"name\":\"Home\",\"item\":\"https:\/\/maltakoncert.hu\/en\/\"},{\"@type\":\"ListItem\",\"position\":2,\"name\":\"Maltese Symphony Scholarship Program\"}]},{\"@type\":\"WebSite\",\"@id\":\"https:\/\/maltakoncert.hu\/#website\",\"url\":\"https:\/\/maltakoncert.hu\/\",\"name\":\"Maltaball Koncert\",\"description\":\"\",\"potentialAction\":[{\"@type\":\"SearchAction\",\"target\":{\"@type\":\"EntryPoint\",\"urlTemplate\":\"https:\/\/maltakoncert.hu\/?s={search_term_string}\"},\"query-input\":{\"@type\":\"PropertyValueSpecification\",\"valueRequired\":true,\"valueName\":\"search_term_string\"}}],\"inLanguage\":\"en-US\"}]}<\/script>\n<!-- \/ Yoast SEO plugin. -->","yoast_head_json":{"title":"Maltese Symphony Scholarship Program - Maltaball Koncert","robots":{"index":"index","follow":"follow","max-snippet":"max-snippet:-1","max-image-preview":"max-image-preview:large","max-video-preview":"max-video-preview:-1"},"canonical":"https:\/\/maltakoncert.hu\/en\/maltese-charity-concert\/","og_locale":"en_US","og_type":"article","og_title":"Maltese Symphony Scholarship Program - Maltaball Koncert","og_description":"The Maltese Symphony Program The Maltese Symphony is...","og_url":"https:\/\/maltakoncert.hu\/en\/maltese-charity-concert\/","og_site_name":"Maltaball Koncert","article_modified_time":"2025-07-19T11:12:29+00:00","twitter_card":"summary_large_image","twitter_misc":{"Est. reading time":"2 minutes"},"schema":{"@context":"https:\/\/schema.org","@graph":[{"@type":"WebPage","@id":"https:\/\/maltakoncert.hu\/en\/maltese-charity-concert\/","url":"https:\/\/maltakoncert.hu\/en\/maltese-charity-concert\/","name":"Maltese Symphony Scholarship Program - Maltaball Koncert","isPartOf":{"@id":"https:\/\/maltakoncert.hu\/#website"},"datePublished":"2025-07-17T22:21:09+00:00","dateModified":"2025-07-19T11:12:29+00:00","breadcrumb":{"@id":"https:\/\/maltakoncert.hu\/en\/maltese-charity-concert\/#breadcrumb"},"inLanguage":"en-US","potentialAction":[{"@type":"ReadAction","target":["https:\/\/maltakoncert.hu\/en\/maltese-charity-concert\/"]}]},{"@type":"BreadcrumbList","@id":"https:\/\/maltakoncert.hu\/en\/maltese-charity-concert\/#breadcrumb","itemListElement":[{"@type":"ListItem","position":1,"name":"Home","item":"https:\/\/maltakoncert.hu\/en\/"},{"@type":"ListItem","position":2,"name":"Maltese Symphony Scholarship Program"}]},{"@type":"WebSite","@id":"https:\/\/maltakoncert.hu\/#website","url":"https:\/\/maltakoncert.hu\/","name":"Maltaball Koncert","description":"","potentialAction":[{"@type":"SearchAction","target":{"@type":"EntryPoint","urlTemplate":"https:\/\/maltakoncert.hu\/?s={search_term_string}"},"query-input":{"@type":"PropertyValueSpecification","valueRequired":true,"valueName":"search_term_string"}}],"inLanguage":"en-US"}]}},"_links":{"self":[{"href":"https:\/\/maltakoncert.hu\/en\/wp-json\/wp\/v2\/pages\/6096","targetHints":{"allow":["GET"]}}],"collection":[{"href":"https:\/\/maltakoncert.hu\/en\/wp-json\/wp\/v2\/pages"}],"about":[{"href":"https:\/\/maltakoncert.hu\/en\/wp-json\/wp\/v2\/types\/page"}],"author":[{"embeddable":true,"href":"https:\/\/maltakoncert.hu\/en\/wp-json\/wp\/v2\/users\/348"}],"replies":[{"embeddable":true,"href":"https:\/\/maltakoncert.hu\/en\/wp-json\/wp\/v2\/comments?post=6096"}],"version-history":[{"count":13,"href":"https:\/\/maltakoncert.hu\/en\/wp-json\/wp\/v2\/pages\/6096\/revisions"}],"predecessor-version":[{"id":6638,"href":"https:\/\/maltakoncert.hu\/en\/wp-json\/wp\/v2\/pages\/6096\/revisions\/6638"}],"wp:attachment":[{"href":"https:\/\/maltakoncert.hu\/en\/wp-json\/wp\/v2\/media?parent=6096"}],"curies":[{"name":"wp","href":"https:\/\/api.w.org\/{rel}","templated":true}]}}